{"id":62862,"date":"2026-04-01T07:13:53","date_gmt":"2026-04-01T05:13:53","guid":{"rendered":"https:\/\/www.thevandal.be\/?post_type=product&#038;p=62862"},"modified":"2026-04-11T19:40:11","modified_gmt":"2026-04-11T17:40:11","slug":"what-the-hell-pre-sale-t-shirt","status":"publish","type":"product","link":"https:\/\/www.thevandal.be\/fr\/shop\/extras\/hell-of-the-nord\/what-the-hell-pre-sale-t-shirt\/","title":{"rendered":"T-shirt \"What the Hell"},"content":{"rendered":"","protected":false},"excerpt":{"rendered":"<p>\u00c9dition limit\u00e9e, soyez rapide.<\/p>\n<p>Inspir\u00e9 par la beaut\u00e9 brutale des <span class=\"hover:entity-accent entity-underline inline cursor-pointer align-baseline\"><span class=\"whitespace-normal\">Paris-Roubaix<\/span><\/span>.<br data-start=\"83\" data-end=\"86\" \/>Une course o\u00f9 les pav\u00e9s d\u00e9cident, les jambes se brisent et les l\u00e9gendes naissent.<br data-start=\"161\" data-end=\"164\" \/>Honn\u00eatement fabriqu\u00e9 au Portugal et fini dans notre atelier d'Anvers.<br data-start=\"237\" data-end=\"240\" \/>il ne s'agit pas d'un simple T-shirt, mais d'un hommage au renoncement, au courage et \u00e0 la gloire.<br data-start=\"318\" data-end=\"321\" \/>Publi\u00e9 en \u00e9dition limit\u00e9e\u201d.\u201d<\/p>\n<p>&nbsp;<\/p>","protected":false},"featured_media":62859,"template":"","meta":{"_acf_changed":false},"product_brand":[],"product_cat":[614,16,18],"product_tag":[616,617,615],"class_list":{"0":"post-62862","1":"product","2":"type-product","3":"status-publish","4":"has-post-thumbnail","6":"product_cat-hell-of-the-nord","7":"product_cat-heren","8":"product_cat-t-shirts","9":"product_tag-hell-of-the-north","10":"product_tag-paris-roubaix","11":"product_tag-roubaix","13":"first","14":"instock","15":"taxable","16":"shipping-taxable","17":"purchasable","18":"product-type-variable","19":"has-default-attributes"},"acf":[],"_links":{"self":[{"href":"https:\/\/www.thevandal.be\/fr\/wp-json\/wp\/v2\/product\/62862","targetHints":{"allow":["GET"]}}],"collection":[{"href":"https:\/\/www.thevandal.be\/fr\/wp-json\/wp\/v2\/product"}],"about":[{"href":"https:\/\/www.thevandal.be\/fr\/wp-json\/wp\/v2\/types\/product"}],"wp:featuredmedia":[{"embeddable":true,"href":"https:\/\/www.thevandal.be\/fr\/wp-json\/wp\/v2\/media\/62859"}],"wp:attachment":[{"href":"https:\/\/www.thevandal.be\/fr\/wp-json\/wp\/v2\/media?parent=62862"}],"wp:term":[{"taxonomy":"product_brand","embeddable":true,"href":"https:\/\/www.thevandal.be\/fr\/wp-json\/wp\/v2\/product_brand?post=62862"},{"taxonomy":"product_cat","embeddable":true,"href":"https:\/\/www.thevandal.be\/fr\/wp-json\/wp\/v2\/product_cat?post=62862"},{"taxonomy":"product_tag","embeddable":true,"href":"https:\/\/www.thevandal.be\/fr\/wp-json\/wp\/v2\/product_tag?post=62862"}],"curies":[{"name":"wp","href":"https:\/\/api.w.org\/{rel}","templated":true}]}}