{"id":59783,"date":"2025-12-04T16:55:20","date_gmt":"2025-12-04T15:55:20","guid":{"rendered":"https:\/\/www.thevandal.be\/?post_type=product&#038;p=59783"},"modified":"2026-03-10T15:54:48","modified_gmt":"2026-03-10T14:54:48","slug":"le-geant-poster","status":"publish","type":"product","link":"https:\/\/www.thevandal.be\/fr\/shop\/accessoires\/posters\/le-geant-poster\/","title":{"rendered":"Affiche Le G\u00e9ant"},"content":{"rendered":"","protected":false},"excerpt":{"rendered":"<p>\u00c9gayez votre salon, votre bureau ou votre caverne d'hommes avec nos affiches \u00e9co-v\u00e9lo.<\/p>\n<ul>\n<li>A4 (210 x 297 mm) ou A3 (297 x 420 mm) format<\/li>\n<li>Imprim\u00e9 dans notre propre studio avec des encres \u00e0 base d'eau<\/li>\n<li>Papier \u00e0 dessin mat de haute qualit\u00e9 250gr<\/li>\n<li>Grain fin avec une structure douce<\/li>\n<li>50% coton<\/li>\n<li>A3 sera envoy\u00e9 dans un tube. A4 dans une bo\u00eete plate<\/li>\n<li>Parfait en combinaison avec le cadre Ikea Ribba<\/li>\n<li>Num\u00e9rot\u00e9 \u00e0 la main<\/li>\n<li>Il n'y a que 525 pi\u00e8ces disponibles par taille<\/li>\n<\/ul>","protected":false},"featured_media":59927,"template":"","meta":{"_acf_changed":false},"product_brand":[],"product_cat":[213,22,212],"product_tag":[],"class_list":{"0":"post-59783","1":"product","2":"type-product","3":"status-publish","4":"has-post-thumbnail","6":"product_cat-posters","7":"product_cat-accessoires","8":"product_cat-cadeaus","10":"first","11":"instock","12":"taxable","13":"shipping-taxable","14":"purchasable","15":"product-type-variable"},"acf":[],"_links":{"self":[{"href":"https:\/\/www.thevandal.be\/fr\/wp-json\/wp\/v2\/product\/59783","targetHints":{"allow":["GET"]}}],"collection":[{"href":"https:\/\/www.thevandal.be\/fr\/wp-json\/wp\/v2\/product"}],"about":[{"href":"https:\/\/www.thevandal.be\/fr\/wp-json\/wp\/v2\/types\/product"}],"wp:featuredmedia":[{"embeddable":true,"href":"https:\/\/www.thevandal.be\/fr\/wp-json\/wp\/v2\/media\/59927"}],"wp:attachment":[{"href":"https:\/\/www.thevandal.be\/fr\/wp-json\/wp\/v2\/media?parent=59783"}],"wp:term":[{"taxonomy":"product_brand","embeddable":true,"href":"https:\/\/www.thevandal.be\/fr\/wp-json\/wp\/v2\/product_brand?post=59783"},{"taxonomy":"product_cat","embeddable":true,"href":"https:\/\/www.thevandal.be\/fr\/wp-json\/wp\/v2\/product_cat?post=59783"},{"taxonomy":"product_tag","embeddable":true,"href":"https:\/\/www.thevandal.be\/fr\/wp-json\/wp\/v2\/product_tag?post=59783"}],"curies":[{"name":"wp","href":"https:\/\/api.w.org\/{rel}","templated":true}]}}