{"id":59736,"date":"2025-12-04T14:39:52","date_gmt":"2025-12-04T13:39:52","guid":{"rendered":"https:\/\/www.thevandal.be\/?post_type=product&#038;p=59736"},"modified":"2026-02-02T16:20:44","modified_gmt":"2026-02-02T15:20:44","slug":"brasschaat-triathlon-club-hoody","status":"publish","type":"product","link":"https:\/\/www.thevandal.be\/fr\/shop\/brasschaat-triathlon-club\/brasschaat-triathlon-club-hoody\/","title":{"rendered":"Brasschaat triathlon club Hoody unisexe"},"content":{"rendered":"","protected":false},"excerpt":{"rendered":"<div>En collaboration avec le Brasschat Triathlon Club, nous avons con\u00e7u cette collection exclusive sp\u00e9cialement pour les athl\u00e8tes du club. Les articles sont temporairement disponibles en\u00a0<strong data-start=\"320\" data-end=\"349\">pr\u00e9vente jusqu'au 15\/12<\/strong>. Nous pr\u00e9voyons une livraison avant No\u00ebl ; d\u00e8s que votre commande sera pr\u00eate, elle sera exp\u00e9di\u00e9e imm\u00e9diatement. Vous recevrez automatiquement un e-mail avec le suivi de votre commande d\u00e8s que le colis sera en route.<\/div>","protected":false},"featured_media":59713,"template":"","meta":{"_acf_changed":false},"product_brand":[],"product_cat":[595],"product_tag":[],"class_list":{"0":"post-59736","1":"product","2":"type-product","3":"status-publish","4":"has-post-thumbnail","6":"product_cat-brasschaat-triathlon-club","8":"first","9":"instock","10":"taxable","11":"shipping-taxable","12":"purchasable","13":"product-type-variable","14":"has-default-attributes"},"acf":[],"_links":{"self":[{"href":"https:\/\/www.thevandal.be\/fr\/wp-json\/wp\/v2\/product\/59736","targetHints":{"allow":["GET"]}}],"collection":[{"href":"https:\/\/www.thevandal.be\/fr\/wp-json\/wp\/v2\/product"}],"about":[{"href":"https:\/\/www.thevandal.be\/fr\/wp-json\/wp\/v2\/types\/product"}],"wp:featuredmedia":[{"embeddable":true,"href":"https:\/\/www.thevandal.be\/fr\/wp-json\/wp\/v2\/media\/59713"}],"wp:attachment":[{"href":"https:\/\/www.thevandal.be\/fr\/wp-json\/wp\/v2\/media?parent=59736"}],"wp:term":[{"taxonomy":"product_brand","embeddable":true,"href":"https:\/\/www.thevandal.be\/fr\/wp-json\/wp\/v2\/product_brand?post=59736"},{"taxonomy":"product_cat","embeddable":true,"href":"https:\/\/www.thevandal.be\/fr\/wp-json\/wp\/v2\/product_cat?post=59736"},{"taxonomy":"product_tag","embeddable":true,"href":"https:\/\/www.thevandal.be\/fr\/wp-json\/wp\/v2\/product_tag?post=59736"}],"curies":[{"name":"wp","href":"https:\/\/api.w.org\/{rel}","templated":true}]}}