{"id":57641,"date":"2025-10-09T14:42:09","date_gmt":"2025-10-09T12:42:09","guid":{"rendered":"https:\/\/www.thevandal.be\/?post_type=product&#038;p=57641"},"modified":"2026-05-05T15:51:21","modified_gmt":"2026-05-05T13:51:21","slug":"sport-sock-chmpn","status":"publish","type":"product","link":"https:\/\/www.thevandal.be\/fr\/shop\/accessoires\/sokken-gadgets-accessoires\/sport-sock-chmpn\/","title":{"rendered":"Chaussette de sport CHMPN"},"content":{"rendered":"","protected":false},"excerpt":{"rendered":"<p class=\"isSelectedEnd\"><strong>Chaussettes de sport haut de gamme - Con\u00e7ues en Belgique, fabriqu\u00e9es au Portugal<\/strong><\/p>\n<p class=\"isSelectedEnd\">Des chaussettes pas comme les autres. Nos chaussettes de sport haut de gamme combinent un ajustement serr\u00e9 et un confort maximal. Con\u00e7ues en Belgique et produites \u00e9quitablement au Portugal.<\/p>\n<p class=\"isSelectedEnd\">Elles se referment parfaitement sur votre pied sans s'affaisser, sont respirantes et douces, et offrent un soutien tout au long de la journ\u00e9e, que vous soyez en mouvement, que vous fassiez du sport ou que vous vous d\u00e9tendiez.<\/p>\n<p>Assez sportive pour votre entra\u00eenement, assez \u00e9l\u00e9gante pour \u00eatre port\u00e9e sous un jean ou un short.<\/p>","protected":false},"featured_media":61880,"template":"","meta":{"_acf_changed":false},"product_brand":[],"product_cat":[599,572,154,155,173,178],"product_tag":[],"class_list":{"0":"post-57641","1":"product","2":"type-product","3":"status-publish","4":"has-post-thumbnail","6":"product_cat-casual-sokken","7":"product_cat-lente-zomer-26","8":"product_cat-sokken-gadgets-accessoires","9":"product_cat-sokken","10":"product_cat-sokken-performance","11":"product_cat-sokken-dames","13":"first","14":"instock","15":"taxable","16":"shipping-taxable","17":"purchasable","18":"product-type-variable","19":"has-default-attributes"},"acf":[],"_links":{"self":[{"href":"https:\/\/www.thevandal.be\/fr\/wp-json\/wp\/v2\/product\/57641","targetHints":{"allow":["GET"]}}],"collection":[{"href":"https:\/\/www.thevandal.be\/fr\/wp-json\/wp\/v2\/product"}],"about":[{"href":"https:\/\/www.thevandal.be\/fr\/wp-json\/wp\/v2\/types\/product"}],"wp:featuredmedia":[{"embeddable":true,"href":"https:\/\/www.thevandal.be\/fr\/wp-json\/wp\/v2\/media\/61880"}],"wp:attachment":[{"href":"https:\/\/www.thevandal.be\/fr\/wp-json\/wp\/v2\/media?parent=57641"}],"wp:term":[{"taxonomy":"product_brand","embeddable":true,"href":"https:\/\/www.thevandal.be\/fr\/wp-json\/wp\/v2\/product_brand?post=57641"},{"taxonomy":"product_cat","embeddable":true,"href":"https:\/\/www.thevandal.be\/fr\/wp-json\/wp\/v2\/product_cat?post=57641"},{"taxonomy":"product_tag","embeddable":true,"href":"https:\/\/www.thevandal.be\/fr\/wp-json\/wp\/v2\/product_tag?post=57641"}],"curies":[{"name":"wp","href":"https:\/\/api.w.org\/{rel}","templated":true}]}}