{"id":56631,"date":"2022-09-26T11:51:50","date_gmt":"2022-09-26T09:51:50","guid":{"rendered":"https:\/\/www.thevandal.be\/?post_type=product&#038;p=56631"},"modified":"2026-02-11T10:19:13","modified_gmt":"2026-02-11T09:19:13","slug":"sport-steun","status":"publish","type":"product","link":"https:\/\/www.thevandal.be\/fr\/shop\/sport-en-steun\/sport-steun\/","title":{"rendered":"Short Sports &amp; Support"},"content":{"rendered":"","protected":false},"excerpt":{"rendered":"<h3><i><span style=\"font-family: arial, sans-serif\">\ud83d\udc5f Tenue d\u00e9contract\u00e9e - NEW via The Vandal<\/span><\/i><\/h3>\n<p><i><span style=\"font-family: arial, sans-serif\">Nous \u00e9largissons notre gamme avec des v\u00eatements de loisirs \u00e9l\u00e9gants de\u00a0<strong>The Vandal<\/strong>\u00a0- une marque belge qui respire la course, tout comme nous. Leurs designs sont une ode \u00e0 la culture cycliste, avec un m\u00e9lange unique de style, de confort et de caract\u00e8re. En tant que club cycliste\u00a0<strong>Sport et soutien<\/strong>\u00a0nous avons d\u00e9lib\u00e9r\u00e9ment choisi The Vandal parce que leurs valeurs sont en parfaite ad\u00e9quation avec les n\u00f4tres : passion pour le cyclisme, souci de la qualit\u00e9 et respect de la durabilit\u00e9.<\/span><\/i><\/p>\n<p><i><span style=\"font-family: arial, sans-serif\">\u00a0 \ud83d\udea8\u00a0<strong>Attention aux cavaliers !<\/strong>\u00a0N'oubliez pas de\u00a0<strong>ton sweat \u00e0 capuche rouge et ton T-shirt rouge<\/strong>\u00a0\u00e0 commander gr\u00e2ce \u00e0 notre nouveau partenariat avec The Vandal. Ces articles sont\u00a0<strong>obligatoire<\/strong>\u00a0lors des activit\u00e9s du club telles que les comp\u00e9titions, les cours d'entra\u00eenement et les moments officiels. Ainsi, ensemble, nous assurons une apparence reconnaissable et \u00e9l\u00e9gante du sport et du soutien \ud83d\udcaa\u2764\ufe0f\u00a0\u00a0<\/span><\/i><\/p>\n<p><i><span style=\"font-family: arial, sans-serif\">\ud83e\udde2 Une gamme optionnelle est \u00e9galement disponible. Ces articles ne sont pas obligatoires, mais offrent des possibilit\u00e9s suppl\u00e9mentaires de repr\u00e9senter le club de mani\u00e8re \u00e9l\u00e9gante au-del\u00e0 du parcours. Les parents et les supporters peuvent \u00e9galement commander via ce lien et ainsi montrer leur soutien avec style.\u00a0<\/span><\/i><\/p>\n<p><i><span style=\"font-family: arial, sans-serif\">Ensemble, nous faisons de Sport and Support une \u00e9quipe non seulement sportive, mais aussi visuellement forte - sur et en dehors du v\u00e9lo.<\/span><\/i><\/p>\n<ul>\n<li class=\"Hoofdtekst\"><span lang=\"NL\">85% coton recycl\u00e9 15% polyester recycl\u00e9<\/span><\/li>\n<li class=\"Hoofdtekst\">Textile Fair Wear<\/li>\n<li class=\"Hoofdtekst\">300 gr\/m\u00b2<\/li>\n<li class=\"Hoofdtekst\">Medium fit<\/li>\n<li class=\"Hoofdtekst\">Imprim\u00e9 et con\u00e7u en Belgique<\/li>\n<\/ul>\n<p>&nbsp;<\/p>","protected":false},"featured_media":57472,"template":"","meta":{"_acf_changed":false},"product_brand":[],"product_cat":[567],"product_tag":[],"class_list":{"0":"post-56631","1":"product","2":"type-product","3":"status-publish","4":"has-post-thumbnail","6":"product_cat-sport-en-steun","8":"first","9":"instock","10":"taxable","11":"shipping-taxable","12":"purchasable","13":"product-type-variable","14":"has-default-attributes"},"acf":[],"_links":{"self":[{"href":"https:\/\/www.thevandal.be\/fr\/wp-json\/wp\/v2\/product\/56631","targetHints":{"allow":["GET"]}}],"collection":[{"href":"https:\/\/www.thevandal.be\/fr\/wp-json\/wp\/v2\/product"}],"about":[{"href":"https:\/\/www.thevandal.be\/fr\/wp-json\/wp\/v2\/types\/product"}],"wp:featuredmedia":[{"embeddable":true,"href":"https:\/\/www.thevandal.be\/fr\/wp-json\/wp\/v2\/media\/57472"}],"wp:attachment":[{"href":"https:\/\/www.thevandal.be\/fr\/wp-json\/wp\/v2\/media?parent=56631"}],"wp:term":[{"taxonomy":"product_brand","embeddable":true,"href":"https:\/\/www.thevandal.be\/fr\/wp-json\/wp\/v2\/product_brand?post=56631"},{"taxonomy":"product_cat","embeddable":true,"href":"https:\/\/www.thevandal.be\/fr\/wp-json\/wp\/v2\/product_cat?post=56631"},{"taxonomy":"product_tag","embeddable":true,"href":"https:\/\/www.thevandal.be\/fr\/wp-json\/wp\/v2\/product_tag?post=56631"}],"curies":[{"name":"wp","href":"https:\/\/api.w.org\/{rel}","templated":true}]}}