{"id":56132,"date":"2025-09-09T15:08:25","date_gmt":"2025-09-09T13:08:25","guid":{"rendered":"https:\/\/www.thevandal.be\/?post_type=product&#038;p=56132"},"modified":"2026-04-30T21:56:03","modified_gmt":"2026-04-30T19:56:03","slug":"cima-coppi-t-shirt","status":"publish","type":"product","link":"https:\/\/www.thevandal.be\/fr\/shop\/herfst-winter-25-26\/cima-coppi-t-shirt\/","title":{"rendered":"T-shirt Cima Coppi"},"content":{"rendered":"","protected":false},"excerpt":{"rendered":"<div>\n<div>\n<p data-start=\"103\" data-end=\"358\">Notre nouveau T-shirt outdoor s'inspire du tout nouveau logo outdoor Vandal, avec une touche de nostalgie pour la montagne, le plein air et la magie de la nature.\u00a0<em data-start=\"334\" data-end=\"349\">\u00c9t\u00e9 indien<\/em>\u00a0man\u00e8ges.<\/p>\n<p data-start=\"360\" data-end=\"464\">Con\u00e7u pour les r\u00eaveurs, les explorateurs et les cyclistes qui aiment explorer les chemins de gravier autant que l'horizon.<\/p>\n<p data-start=\"466\" data-end=\"509\"><strong data-start=\"466\" data-end=\"507\">Respirez la libert\u00e9, portez l'aventure.<\/strong><\/p>\n<\/div>\n<p data-start=\"551\" data-end=\"679\">Con\u00e7us en Belgique, fabriqu\u00e9s dans l'UE avec une attention particuli\u00e8re \u00e0 la qualit\u00e9, aux conditions de travail \u00e9quitables et aux mat\u00e9riaux durables.<\/p>\n<\/div>\n<div><\/div>\n<p data-start=\"85\" data-end=\"314\">","protected":false},"featured_media":58389,"template":"","meta":{"_acf_changed":false},"product_brand":[],"product_cat":[561,18],"product_tag":[],"class_list":{"0":"post-56132","1":"product","2":"type-product","3":"status-publish","4":"has-post-thumbnail","6":"product_cat-herfst-winter-25-26","7":"product_cat-t-shirts","9":"first","10":"instock","11":"taxable","12":"shipping-taxable","13":"purchasable","14":"product-type-variable","15":"has-default-attributes"},"acf":[],"_links":{"self":[{"href":"https:\/\/www.thevandal.be\/fr\/wp-json\/wp\/v2\/product\/56132","targetHints":{"allow":["GET"]}}],"collection":[{"href":"https:\/\/www.thevandal.be\/fr\/wp-json\/wp\/v2\/product"}],"about":[{"href":"https:\/\/www.thevandal.be\/fr\/wp-json\/wp\/v2\/types\/product"}],"wp:featuredmedia":[{"embeddable":true,"href":"https:\/\/www.thevandal.be\/fr\/wp-json\/wp\/v2\/media\/58389"}],"wp:attachment":[{"href":"https:\/\/www.thevandal.be\/fr\/wp-json\/wp\/v2\/media?parent=56132"}],"wp:term":[{"taxonomy":"product_brand","embeddable":true,"href":"https:\/\/www.thevandal.be\/fr\/wp-json\/wp\/v2\/product_brand?post=56132"},{"taxonomy":"product_cat","embeddable":true,"href":"https:\/\/www.thevandal.be\/fr\/wp-json\/wp\/v2\/product_cat?post=56132"},{"taxonomy":"product_tag","embeddable":true,"href":"https:\/\/www.thevandal.be\/fr\/wp-json\/wp\/v2\/product_tag?post=56132"}],"curies":[{"name":"wp","href":"https:\/\/api.w.org\/{rel}","templated":true}]}}