{"id":55826,"date":"2025-09-04T16:28:46","date_gmt":"2025-09-04T14:28:46","guid":{"rendered":"https:\/\/www.thevandal.be\/?post_type=product&#038;p=55826"},"modified":"2026-04-02T15:53:27","modified_gmt":"2026-04-02T13:53:27","slug":"coureur-polo-zwart","status":"publish","type":"product","link":"https:\/\/www.thevandal.be\/fr\/shop\/herfst-winter-25-26\/coureur-polo-zwart\/","title":{"rendered":"Polo conducteur noir"},"content":{"rendered":"","protected":false},"excerpt":{"rendered":"<div>\n<p><strong>Le polo du conducteur - Un style qui remonte le temps<\/strong><\/p>\n<p data-start=\"105\" data-end=\"337\">Nouveau dans notre gamme : le\u00a0<strong data-start=\"128\" data-end=\"150\">Polo r\u00e9tro pour conducteurs<\/strong>. Inspir\u00e9 par les maillots cyclistes embl\u00e9matiques d'antan, mais dans une\u00a0<strong data-start=\"227\" data-end=\"250\">coupe moderne de la mode<\/strong>. Ce polo vous ram\u00e8ne \u00e0 l'\u00e9poque glorieuse des courses, avec une touche contemporaine.<\/p>\n<p data-start=\"339\" data-end=\"628\">Con\u00e7u en\u00a0<strong data-start=\"352\" data-end=\"362\">Belgique<\/strong>\u00a0et produites avec soin en\u00a0<strong data-start=\"391\" data-end=\"403\">Portugal<\/strong>o\u00f9 nous travaillons exclusivement avec\u00a0<strong data-start=\"439\" data-end=\"458\">tissus de qualit\u00e9 sup\u00e9rieure<\/strong>\u00a0et garantissent une production \u00e9quitable. Le polo est fabriqu\u00e9 en\u00a0<strong data-start=\"520\" data-end=\"549\">tissu t-shirt l\u00e9ger 180gr<\/strong>qui fournit un\u00a0<strong data-start=\"570\" data-end=\"598\">coupe d\u00e9contract\u00e9e et confortable<\/strong>\u00a0sans se sentir raide.<\/p>\n<p data-start=\"630\" data-end=\"705\">Portez-le avec fiert\u00e9, car style et sportivit\u00e9 vont de pair.<\/p>\n<\/div>\n<div>\n<p>&nbsp;<\/p>\n<\/div>","protected":false},"featured_media":55869,"template":"","meta":{"_acf_changed":false},"product_brand":[],"product_cat":[561,18],"product_tag":[],"class_list":{"0":"post-55826","1":"product","2":"type-product","3":"status-publish","4":"has-post-thumbnail","6":"product_cat-herfst-winter-25-26","7":"product_cat-t-shirts","9":"first","10":"instock","11":"taxable","12":"shipping-taxable","13":"purchasable","14":"product-type-variable","15":"has-default-attributes"},"acf":[],"_links":{"self":[{"href":"https:\/\/www.thevandal.be\/fr\/wp-json\/wp\/v2\/product\/55826","targetHints":{"allow":["GET"]}}],"collection":[{"href":"https:\/\/www.thevandal.be\/fr\/wp-json\/wp\/v2\/product"}],"about":[{"href":"https:\/\/www.thevandal.be\/fr\/wp-json\/wp\/v2\/types\/product"}],"wp:featuredmedia":[{"embeddable":true,"href":"https:\/\/www.thevandal.be\/fr\/wp-json\/wp\/v2\/media\/55869"}],"wp:attachment":[{"href":"https:\/\/www.thevandal.be\/fr\/wp-json\/wp\/v2\/media?parent=55826"}],"wp:term":[{"taxonomy":"product_brand","embeddable":true,"href":"https:\/\/www.thevandal.be\/fr\/wp-json\/wp\/v2\/product_brand?post=55826"},{"taxonomy":"product_cat","embeddable":true,"href":"https:\/\/www.thevandal.be\/fr\/wp-json\/wp\/v2\/product_cat?post=55826"},{"taxonomy":"product_tag","embeddable":true,"href":"https:\/\/www.thevandal.be\/fr\/wp-json\/wp\/v2\/product_tag?post=55826"}],"curies":[{"name":"wp","href":"https:\/\/api.w.org\/{rel}","templated":true}]}}