{"id":53157,"date":"2025-04-23T16:39:01","date_gmt":"2025-04-23T14:39:01","guid":{"rendered":"https:\/\/www.thevandal.be\/?post_type=product&#038;p=53157"},"modified":"2026-05-08T09:19:43","modified_gmt":"2026-05-08T07:19:43","slug":"eddy-vs-roger-t-shirt","status":"publish","type":"product","link":"https:\/\/www.thevandal.be\/fr\/shop\/ss25\/eddy-vs-roger-t-shirt\/","title":{"rendered":"T-shirt Eddy VS Roger"},"content":{"rendered":"","protected":false},"excerpt":{"rendered":"<div>\n<p class=\"p1\"><span class=\"s1\">Le cyclisme compte de nombreuses rivalit\u00e9s l\u00e9gendaires, mais aucun duel ne capte autant l'imagination qu'Eddy contre Roger. De Coppi \u00e0 Bartali en passant par Boonen et Cancellara, la course a toujours \u00e9t\u00e9 domin\u00e9e par un duel. Mais les batailles \u00e9piques entre Merckx et De Vlaeminck restent in\u00e9gal\u00e9es - un duel qui, aujourd'hui encore, divise les fans de cyclisme et alimente les discussions.<span class=\"Apple-converted-space\">\u00a0 <\/span>Fabriqu\u00e9 avec soin au sein de l'UE \u00e0 partir de coton \u00e9cologique de haute qualit\u00e9, pour que vous puissiez profiter du confort et de la durabilit\u00e9.<\/span><\/p>\n<p class=\"p1\"><span class=\"s1\">Que vous vous promeniez en ville, que vous braviez les collines ou que vous soyez assis dans votre canap\u00e9 ou votre caf\u00e9, portez notre t-shirt Eddy vs Roger avec fiert\u00e9.<\/span><\/p>\n<\/div>\n<div>\n<div class=\"flex-shrink-0 items-end flex-col relative flex\">\n<div class=\"pt-0.5\">\n<div class=\"flex p-1 items-center w-9 rounded-sm relative justify-center text-white h-9\">\n<p>&nbsp;<\/p>\n<\/div>\n<\/div>\n<\/div>\n<\/div>","protected":false},"featured_media":53171,"template":"","meta":{"_acf_changed":false},"product_brand":[],"product_cat":[539,559,16,18],"product_tag":[555],"class_list":{"0":"post-53157","1":"product","2":"type-product","3":"status-publish","4":"has-post-thumbnail","6":"product_cat-ss25","7":"product_cat-eddy-80","8":"product_cat-heren","9":"product_cat-t-shirts","10":"product_tag-ss25","12":"first","13":"instock","14":"featured","15":"taxable","16":"shipping-taxable","17":"purchasable","18":"product-type-variable","19":"has-default-attributes"},"acf":[],"_links":{"self":[{"href":"https:\/\/www.thevandal.be\/fr\/wp-json\/wp\/v2\/product\/53157","targetHints":{"allow":["GET"]}}],"collection":[{"href":"https:\/\/www.thevandal.be\/fr\/wp-json\/wp\/v2\/product"}],"about":[{"href":"https:\/\/www.thevandal.be\/fr\/wp-json\/wp\/v2\/types\/product"}],"wp:featuredmedia":[{"embeddable":true,"href":"https:\/\/www.thevandal.be\/fr\/wp-json\/wp\/v2\/media\/53171"}],"wp:attachment":[{"href":"https:\/\/www.thevandal.be\/fr\/wp-json\/wp\/v2\/media?parent=53157"}],"wp:term":[{"taxonomy":"product_brand","embeddable":true,"href":"https:\/\/www.thevandal.be\/fr\/wp-json\/wp\/v2\/product_brand?post=53157"},{"taxonomy":"product_cat","embeddable":true,"href":"https:\/\/www.thevandal.be\/fr\/wp-json\/wp\/v2\/product_cat?post=53157"},{"taxonomy":"product_tag","embeddable":true,"href":"https:\/\/www.thevandal.be\/fr\/wp-json\/wp\/v2\/product_tag?post=53157"}],"curies":[{"name":"wp","href":"https:\/\/api.w.org\/{rel}","templated":true}]}}