{"id":52518,"date":"2025-03-19T11:01:20","date_gmt":"2025-03-19T10:01:20","guid":{"rendered":"https:\/\/www.thevandal.be\/?post_type=product&#038;p=52518"},"modified":"2025-10-10T18:25:45","modified_gmt":"2025-10-10T16:25:45","slug":"fixkes-pols-zweetband","status":"publish","type":"product","link":"https:\/\/www.thevandal.be\/fr\/shop\/collabs\/fixkes\/fixkes-pols-zweetband\/","title":{"rendered":"Bandeau de poignet Fixkes"},"content":{"rendered":"","protected":false},"excerpt":{"rendered":"<div>\n<div>\n<p>Les bandeaux de sudation, c'est de la balle. Autour de la t\u00eate, ou - torsad\u00e9 deux fois - autour du poignet, imaginez frotter ce poignet le long d'une guitare basse... C'est \u00e0 vous de jouer. Oh, regardez, il y a aussi des bracelets ! Le stress au choix !<\/p>\n<ul>\n<li>79% Coton \/ 13% Elasthanne \/ 8% Polyester<\/li>\n<li>OEKO-TEX\u00ae STANDARD et conditions de travail \u00e9quitables<\/li>\n<li>Imprim\u00e9 et con\u00e7u en Belgique<\/li>\n<\/ul>\n<\/div>\n<\/div>","protected":false},"featured_media":52842,"template":"","meta":{"_acf_changed":false},"product_brand":[],"product_cat":[548],"product_tag":[],"class_list":{"0":"post-52518","1":"product","2":"type-product","3":"status-publish","4":"has-post-thumbnail","6":"product_cat-fixkes","8":"first","9":"instock","10":"taxable","11":"shipping-taxable","12":"purchasable","13":"product-type-variable","14":"has-default-attributes"},"acf":[],"_links":{"self":[{"href":"https:\/\/www.thevandal.be\/fr\/wp-json\/wp\/v2\/product\/52518","targetHints":{"allow":["GET"]}}],"collection":[{"href":"https:\/\/www.thevandal.be\/fr\/wp-json\/wp\/v2\/product"}],"about":[{"href":"https:\/\/www.thevandal.be\/fr\/wp-json\/wp\/v2\/types\/product"}],"wp:featuredmedia":[{"embeddable":true,"href":"https:\/\/www.thevandal.be\/fr\/wp-json\/wp\/v2\/media\/52842"}],"wp:attachment":[{"href":"https:\/\/www.thevandal.be\/fr\/wp-json\/wp\/v2\/media?parent=52518"}],"wp:term":[{"taxonomy":"product_brand","embeddable":true,"href":"https:\/\/www.thevandal.be\/fr\/wp-json\/wp\/v2\/product_brand?post=52518"},{"taxonomy":"product_cat","embeddable":true,"href":"https:\/\/www.thevandal.be\/fr\/wp-json\/wp\/v2\/product_cat?post=52518"},{"taxonomy":"product_tag","embeddable":true,"href":"https:\/\/www.thevandal.be\/fr\/wp-json\/wp\/v2\/product_tag?post=52518"}],"curies":[{"name":"wp","href":"https:\/\/api.w.org\/{rel}","templated":true}]}}