{"id":47465,"date":"2024-11-01T17:15:07","date_gmt":"2024-11-01T16:15:07","guid":{"rendered":"https:\/\/www.thevandal.be\/?post_type=product&#038;p=47465"},"modified":"2026-04-13T13:19:34","modified_gmt":"2026-04-13T11:19:34","slug":"merino-socks-khaki","status":"publish","type":"product","link":"https:\/\/www.thevandal.be\/fr\/shop\/hw23-24\/merino-socks-khaki\/","title":{"rendered":"Chaussettes M\u00e9rinos Kaki"},"content":{"rendered":"","protected":false},"excerpt":{"rendered":"<p class=\"p1\"><span class=\"s1\">Nos nouvelles chaussettes en m\u00e9rinos vous aideront \u00e0 p\u00e9daler sans effort en automne, en hiver et au printemps, avec des pieds merveilleusement chauds. Gr\u00e2ce \u00e0 leur structure sportive, ces chaussettes offrent un soutien et une compression suppl\u00e9mentaires, ce qui vous permet de rester \u00e0 l'aise m\u00eame sur les trajets les plus longs. Nous les avons con\u00e7ues pour qu'elles soient juste assez chaudes, tout en permettant \u00e0 vos pieds de respirer. Des temp\u00e9ratures glaciales ? Associez les Merino Socks Khaki \u00e0 des surchaussures et vous serez pr\u00eat \u00e0 affronter n'importe quelle sortie !<\/span><\/p>\n<ul>\n<li>Le confort id\u00e9al pour les jours plus froids<\/li>\n<li>Fabriqu\u00e9 en laine m\u00e9rinos de haute qualit\u00e9<\/li>\n<li>Talon et orteils renforc\u00e9s par du polyamide pour \u00e9viter l'abrasion<\/li>\n<li>Coutures plates pour \u00e9viter les irritations<\/li>\n<li>Hauteur de 20 cm (mesur\u00e9e \u00e0 partir du talon)<\/li>\n<li>Mati\u00e8res : laine m\u00e9rinos 60%, polyamide 35%, \u00e9lasthanne 5%<\/li>\n<li>Con\u00e7u en Belgique et fabriqu\u00e9 en Italie<\/li>\n<\/ul>","protected":false},"featured_media":56051,"template":"","meta":{"_acf_changed":false},"product_brand":[],"product_cat":[471,601,598,178,173,155,154],"product_tag":[520,505,406,395,394,396],"class_list":{"0":"post-47465","1":"product","2":"type-product","3":"status-publish","4":"has-post-thumbnail","6":"product_cat-hw23-24","7":"product_cat-merino-sokken","8":"product_cat-performance-sokken","9":"product_cat-sokken-dames","10":"product_cat-sokken-performance","11":"product_cat-sokken","12":"product_cat-sokken-gadgets-accessoires","13":"product_tag-khaki","14":"product_tag-merino","15":"product_tag-performance","16":"product_tag-sock","17":"product_tag-sok","18":"product_tag-sokken","20":"first","21":"instock","22":"taxable","23":"shipping-taxable","24":"purchasable","25":"product-type-variable","26":"has-default-attributes"},"acf":[],"_links":{"self":[{"href":"https:\/\/www.thevandal.be\/fr\/wp-json\/wp\/v2\/product\/47465","targetHints":{"allow":["GET"]}}],"collection":[{"href":"https:\/\/www.thevandal.be\/fr\/wp-json\/wp\/v2\/product"}],"about":[{"href":"https:\/\/www.thevandal.be\/fr\/wp-json\/wp\/v2\/types\/product"}],"wp:featuredmedia":[{"embeddable":true,"href":"https:\/\/www.thevandal.be\/fr\/wp-json\/wp\/v2\/media\/56051"}],"wp:attachment":[{"href":"https:\/\/www.thevandal.be\/fr\/wp-json\/wp\/v2\/media?parent=47465"}],"wp:term":[{"taxonomy":"product_brand","embeddable":true,"href":"https:\/\/www.thevandal.be\/fr\/wp-json\/wp\/v2\/product_brand?post=47465"},{"taxonomy":"product_cat","embeddable":true,"href":"https:\/\/www.thevandal.be\/fr\/wp-json\/wp\/v2\/product_cat?post=47465"},{"taxonomy":"product_tag","embeddable":true,"href":"https:\/\/www.thevandal.be\/fr\/wp-json\/wp\/v2\/product_tag?post=47465"}],"curies":[{"name":"wp","href":"https:\/\/api.w.org\/{rel}","templated":true}]}}