{"id":47452,"date":"2024-11-01T17:12:13","date_gmt":"2024-11-01T16:12:13","guid":{"rendered":"https:\/\/www.thevandal.be\/?post_type=product&#038;p=47452"},"modified":"2026-04-07T10:07:54","modified_gmt":"2026-04-07T08:07:54","slug":"molteni-casual-sokken","status":"publish","type":"product","link":"https:\/\/www.thevandal.be\/fr\/shop\/hw23-24\/molteni-casual-sokken\/","title":{"rendered":"Molteni Casual Socks (chaussettes d\u00e9contract\u00e9es)"},"content":{"rendered":"","protected":false},"excerpt":{"rendered":"<p class=\"p1\"><span class=\"s1\">Molteni, l'\u00e9quipe du Cannibale - un nom qui r\u00e9jouit imm\u00e9diatement tout fan de cyclisme. Leur maillot embl\u00e9matique capte toujours l'imagination, un look l\u00e9gendaire qui ne se d\u00e9mode jamais. Avec ces chaussettes Molteni Casual Socks tiss\u00e9es au Portugal, vous marcherez litt\u00e9ralement dans les pas d'Eddy Merckx et rendrez hommage \u00e0 un classique intemporel du cyclisme. Portez l'histoire avec style !<\/span><\/p>\n<ul>\n<li class=\"li1\">80% cotton, 15% polyamide et 5% elastane<\/li>\n<li>100% confort<\/li>\n<li>Hauteur de 20 cm (mesur\u00e9e \u00e0 partir du talon)<\/li>\n<li class=\"li1\">Con\u00e7u en Belgique, tiss\u00e9 au Portugal<\/li>\n<li class=\"li1\">Lavage \u00e0 la main \u00e0 30\u00b0.<\/li>\n<li class=\"li1\">Laver \u00e0 l'envers avec des couleurs similaires.<\/li>\n<li class=\"li1\">Ne mettez pas les chaussettes au s\u00e8che-linge, ne les repassez pas, ne les blanchissez pas, ne les nettoyez pas \u00e0 sec.<\/li>\n<\/ul>","protected":false},"featured_media":56059,"template":"","meta":{"_acf_changed":false},"product_brand":[],"product_cat":[471,196,599,154,155,178],"product_tag":[374,395,394],"class_list":{"0":"post-47452","1":"product","2":"type-product","3":"status-publish","4":"has-post-thumbnail","6":"product_cat-hw23-24","7":"product_cat-outlet","8":"product_cat-casual-sokken","9":"product_cat-sokken-gadgets-accessoires","10":"product_cat-sokken","11":"product_cat-sokken-dames","12":"product_tag-molteni","13":"product_tag-sock","14":"product_tag-sok","16":"first","17":"instock","18":"sale","19":"taxable","20":"shipping-taxable","21":"purchasable","22":"product-type-variable","23":"has-default-attributes"},"acf":[],"_links":{"self":[{"href":"https:\/\/www.thevandal.be\/fr\/wp-json\/wp\/v2\/product\/47452","targetHints":{"allow":["GET"]}}],"collection":[{"href":"https:\/\/www.thevandal.be\/fr\/wp-json\/wp\/v2\/product"}],"about":[{"href":"https:\/\/www.thevandal.be\/fr\/wp-json\/wp\/v2\/types\/product"}],"wp:featuredmedia":[{"embeddable":true,"href":"https:\/\/www.thevandal.be\/fr\/wp-json\/wp\/v2\/media\/56059"}],"wp:attachment":[{"href":"https:\/\/www.thevandal.be\/fr\/wp-json\/wp\/v2\/media?parent=47452"}],"wp:term":[{"taxonomy":"product_brand","embeddable":true,"href":"https:\/\/www.thevandal.be\/fr\/wp-json\/wp\/v2\/product_brand?post=47452"},{"taxonomy":"product_cat","embeddable":true,"href":"https:\/\/www.thevandal.be\/fr\/wp-json\/wp\/v2\/product_cat?post=47452"},{"taxonomy":"product_tag","embeddable":true,"href":"https:\/\/www.thevandal.be\/fr\/wp-json\/wp\/v2\/product_tag?post=47452"}],"curies":[{"name":"wp","href":"https:\/\/api.w.org\/{rel}","templated":true}]}}