{"id":44477,"date":"2024-04-12T13:29:09","date_gmt":"2024-04-12T11:29:09","guid":{"rendered":"https:\/\/www.thevandal.be\/?post_type=product&#038;p=44477"},"modified":"2026-02-04T15:19:16","modified_gmt":"2026-02-04T14:19:16","slug":"presale-boek-de-kunst-van-het-afzien","status":"publish","type":"product","link":"https:\/\/www.thevandal.be\/fr\/shop\/kramon\/presale-boek-de-kunst-van-het-afzien\/","title":{"rendered":"L'ART DU RENONCEMENT - LIVRE SIGN\u00c9"},"content":{"rendered":"","protected":false},"excerpt":{"rendered":"<div class=\"\">\n<p>Cette version n\u00e9erlandophone du livre de photos DE KUNST VAN HET AFZIEN para\u00eetra dans les magasins en Belgique et aux Pays-Bas \u00e0 partir de la mi-juin 2024, et c'est l'occasion unique d'avoir un aper\u00e7u du livre. <b>sign\u00e9<\/b> La version de lancement de ce \"coffee table book\" est EN VENTE* et peut \u00eatre command\u00e9e directement aupr\u00e8s du photographe cycliste de renomm\u00e9e internationale Kristof Ramon, \u00e9galement connu sous le nom de \"Kramon\".<br \/>\nLe livre sera \u00e9galement emball\u00e9 dans une <b>musette sp\u00e9ciale pour la cause<\/b> avant qu'il ne vous soit envoy\u00e9 ou qu'il ne soit envoy\u00e9 \u00e0 votre destinataire (d\u00e8s que les livres sont disponibles).<span class=\"Apple-converted-space\">\u00a0<\/span><\/p>\n<p>Cette offre de pr\u00e9vente <b>sera conclu<\/b> une fois le livre paru dans les magasins <b>le 13 juin 2024<\/b> (sous r\u00e9serve de force majeure). Une fois la promotion cl\u00f4tur\u00e9e, les livres seront envoy\u00e9s imm\u00e9diatement.<\/p>\n<p>THE ART OF REMOVAL offre un aper\u00e7u unique de Kramon dans le monde du cyclisme professionnel au cours des 10 derni\u00e8res ann\u00e9es. Le livre se concentre sur ces athl\u00e8tes de haut niveau et sur leur capacit\u00e9 \u00e0 renoncer et les sacrifices qui en d\u00e9coulent.<br \/>\nKramon couvre toutes les grandes courses et parcourt le monde avec les coureurs et leur entourage pour tout immortaliser. \u00c0 travers son objectif, nous voyons les cyclistes traverser des paysages \u00e9piques, serpenter dans des villages anciens et courir sur des pav\u00e9s mena\u00e7ants. Mais son objectif permet \u00e9galement de jeter un regard intime sur les coureurs qui se pr\u00e9parent dans le bus de l'\u00e9quipe ou qui se font soigner dans l'h\u00f4tel de l'\u00e9quipe apr\u00e8s une chute.<br \/>\nL'avant-propos est sign\u00e9 par Wout van Aert, qui suit Kramon depuis l'enfance (on peut interpr\u00e9ter cela dans les deux sens...). Van Aert orne donc la couverture du livre d'une image o\u00f9 il s'\u00e9tait perch\u00e9 sur le pav\u00e9 de la Piazza del Campo \u00e0 Sienne apr\u00e8s sa premi\u00e8re participation couronn\u00e9e de succ\u00e8s et o\u00f9 il avait pr\u00e9sent\u00e9 au monde le ph\u00e9nom\u00e8ne de la WVA.<\/p>\n<p><i>\"Soigneusement s\u00e9lectionn\u00e9, \u00e9l\u00e9gamment con\u00e7u et magnifiquement produit, The Art of Renunciation est le cadeau ultime pour les passionn\u00e9s de cyclisme.<\/i><\/p>\n<p>A propos de ce livre :<\/p>\n<ul>\n<li>Version n\u00e9erlandaise<span class=\"Apple-converted-space\">\u00a0<\/span><\/li>\n<li>Publi\u00e9 par Thoth \/ Amsterdam et Luster \/ Anvers<\/li>\n<li>288 pages \/ +250 photos<\/li>\n<li>Couverture rigide de luxe<\/li>\n<li>220mm x 280mm<\/li>\n<\/ul>\n<p>inclus :<\/p>\n<ul>\n<li>version d\u00e9dicac\u00e9e du livre<\/li>\n<li>musette de lancement unique (en pr\u00e9vente uniquement)<\/li>\n<\/ul>\n<p>*VENTE \u00c0 L'AVANCE :<br \/>\nNous pr\u00e9voyons que le livre sera disponible le 13 juin 2024. Toutefois, si cette date de publication devait \u00eatre retard\u00e9e pour des raisons de force majeure, nous nous engageons \u00e0 vous en informer dans un d\u00e9lai raisonnable.<span class=\"Apple-converted-space\">\u00a0<\/span><\/p>\n<\/div>","protected":false},"featured_media":44486,"template":"","meta":{"_acf_changed":false},"product_brand":[],"product_cat":[450],"product_tag":[],"class_list":{"0":"post-44477","1":"product","2":"type-product","3":"status-publish","4":"has-post-thumbnail","6":"product_cat-kramon","8":"first","9":"outofstock","10":"taxable","11":"shipping-taxable","12":"purchasable","13":"product-type-simple"},"acf":[],"_links":{"self":[{"href":"https:\/\/www.thevandal.be\/fr\/wp-json\/wp\/v2\/product\/44477","targetHints":{"allow":["GET"]}}],"collection":[{"href":"https:\/\/www.thevandal.be\/fr\/wp-json\/wp\/v2\/product"}],"about":[{"href":"https:\/\/www.thevandal.be\/fr\/wp-json\/wp\/v2\/types\/product"}],"wp:featuredmedia":[{"embeddable":true,"href":"https:\/\/www.thevandal.be\/fr\/wp-json\/wp\/v2\/media\/44486"}],"wp:attachment":[{"href":"https:\/\/www.thevandal.be\/fr\/wp-json\/wp\/v2\/media?parent=44477"}],"wp:term":[{"taxonomy":"product_brand","embeddable":true,"href":"https:\/\/www.thevandal.be\/fr\/wp-json\/wp\/v2\/product_brand?post=44477"},{"taxonomy":"product_cat","embeddable":true,"href":"https:\/\/www.thevandal.be\/fr\/wp-json\/wp\/v2\/product_cat?post=44477"},{"taxonomy":"product_tag","embeddable":true,"href":"https:\/\/www.thevandal.be\/fr\/wp-json\/wp\/v2\/product_tag?post=44477"}],"curies":[{"name":"wp","href":"https:\/\/api.w.org\/{rel}","templated":true}]}}