{"id":43700,"date":"2024-04-04T13:11:30","date_gmt":"2024-04-04T11:11:30","guid":{"rendered":"https:\/\/www.thevandal.be\/?post_type=product&#038;p=43700"},"modified":"2026-03-27T12:43:04","modified_gmt":"2026-03-27T11:43:04","slug":"the-badger-t-shirt","status":"publish","type":"product","link":"https:\/\/www.thevandal.be\/fr\/shop\/spring-summer-2024\/the-badger-t-shirt\/","title":{"rendered":"Le T-shirt du blaireau"},"content":{"rendered":"","protected":false},"excerpt":{"rendered":"<p>Le blaireau. Une ode \u00e0 l'un des plus beaux maillots du peloton.\u00a0<span class=\"\">Form\u00e9e en 1984, l'\u00e9quipe fran\u00e7aise a connu un succ\u00e8s imm\u00e9diat cette ann\u00e9e-l\u00e0 lorsque Bernard Hinault l'a men\u00e9e \u00e0 la victoire dans le Tour. En 1985, le Cowboy Greg Lemond est entr\u00e9 dans l'histoire en remportant le Tour dans une course passionnante au coude \u00e0 coude avec son mentor, Hinault, devenant ainsi le premier Am\u00e9ricain \u00e0 remporter le titre. Le maillot embl\u00e9matique de l'\u00e9quipe s'inspire du style impressionniste de Piet Mondrian.<\/span><\/p>\n<p>&nbsp;<\/p>","protected":false},"featured_media":56933,"template":"","meta":{"_acf_changed":false},"product_brand":[],"product_cat":[435,196],"product_tag":[],"class_list":{"0":"post-43700","1":"product","2":"type-product","3":"status-publish","4":"has-post-thumbnail","6":"product_cat-spring-summer-2024","7":"product_cat-outlet","9":"first","10":"instock","11":"sale","12":"taxable","13":"shipping-taxable","14":"purchasable","15":"product-type-variable","16":"has-default-attributes"},"acf":[],"_links":{"self":[{"href":"https:\/\/www.thevandal.be\/fr\/wp-json\/wp\/v2\/product\/43700","targetHints":{"allow":["GET"]}}],"collection":[{"href":"https:\/\/www.thevandal.be\/fr\/wp-json\/wp\/v2\/product"}],"about":[{"href":"https:\/\/www.thevandal.be\/fr\/wp-json\/wp\/v2\/types\/product"}],"wp:featuredmedia":[{"embeddable":true,"href":"https:\/\/www.thevandal.be\/fr\/wp-json\/wp\/v2\/media\/56933"}],"wp:attachment":[{"href":"https:\/\/www.thevandal.be\/fr\/wp-json\/wp\/v2\/media?parent=43700"}],"wp:term":[{"taxonomy":"product_brand","embeddable":true,"href":"https:\/\/www.thevandal.be\/fr\/wp-json\/wp\/v2\/product_brand?post=43700"},{"taxonomy":"product_cat","embeddable":true,"href":"https:\/\/www.thevandal.be\/fr\/wp-json\/wp\/v2\/product_cat?post=43700"},{"taxonomy":"product_tag","embeddable":true,"href":"https:\/\/www.thevandal.be\/fr\/wp-json\/wp\/v2\/product_tag?post=43700"}],"curies":[{"name":"wp","href":"https:\/\/api.w.org\/{rel}","templated":true}]}}