{"id":43627,"date":"2024-04-04T13:09:26","date_gmt":"2024-04-04T11:09:26","guid":{"rendered":"https:\/\/www.thevandal.be\/?post_type=product&#038;p=43627"},"modified":"2026-04-17T15:09:54","modified_gmt":"2026-04-17T13:09:54","slug":"belgian-jerseys-t-shirt","status":"publish","type":"product","link":"https:\/\/www.thevandal.be\/fr\/shop\/spring-summer-2024\/belgian-jerseys-t-shirt\/","title":{"rendered":"T-shirt du maillot belge"},"content":{"rendered":"","protected":false},"excerpt":{"rendered":"<p>Le T-shirt du maillot belge. Avec les \"maillots belges\", nous vous emmenons dans un voyage \u00e0 travers l'histoire. Depuis l'introduction (non) officielle du maillot bleu belge en 1947 (officiellement \u00e0 partir de 1948), il est devenu incontournable dans le peloton international. La couleur, introduite \u00e0 l'origine comme alternative au maillot noir, a acquis sa teinte azur distinctive gr\u00e2ce \u00e0 un sponsor de l'\u00e9quipe nationale de l'\u00e9poque. Au fil du temps, des variations ont \u00e9t\u00e9 apport\u00e9es \u00e0 ce dessin, mais elles sont toujours revenues au beau dessin qu'il est encore aujourd'hui.<\/p>\n<p>&nbsp;<\/p>","protected":false},"featured_media":56265,"template":"","meta":{"_acf_changed":false},"product_brand":[],"product_cat":[435,196,44,468,16,18],"product_tag":[398,459,458,225],"class_list":{"0":"post-43627","1":"product","2":"type-product","3":"status-publish","4":"has-post-thumbnail","6":"product_cat-spring-summer-2024","7":"product_cat-outlet","8":"product_cat-belgian-cycling","9":"product_cat-belgian-cycling-collectie","10":"product_cat-heren","11":"product_cat-t-shirts","12":"product_tag-belgian-cycling","13":"product_tag-belgische-trui","14":"product_tag-belgische-wielerbond","15":"product_tag-cycling-jersey","17":"first","18":"instock","19":"sale","20":"taxable","21":"shipping-taxable","22":"purchasable","23":"product-type-variable","24":"has-default-attributes"},"acf":[],"_links":{"self":[{"href":"https:\/\/www.thevandal.be\/fr\/wp-json\/wp\/v2\/product\/43627","targetHints":{"allow":["GET"]}}],"collection":[{"href":"https:\/\/www.thevandal.be\/fr\/wp-json\/wp\/v2\/product"}],"about":[{"href":"https:\/\/www.thevandal.be\/fr\/wp-json\/wp\/v2\/types\/product"}],"wp:featuredmedia":[{"embeddable":true,"href":"https:\/\/www.thevandal.be\/fr\/wp-json\/wp\/v2\/media\/56265"}],"wp:attachment":[{"href":"https:\/\/www.thevandal.be\/fr\/wp-json\/wp\/v2\/media?parent=43627"}],"wp:term":[{"taxonomy":"product_brand","embeddable":true,"href":"https:\/\/www.thevandal.be\/fr\/wp-json\/wp\/v2\/product_brand?post=43627"},{"taxonomy":"product_cat","embeddable":true,"href":"https:\/\/www.thevandal.be\/fr\/wp-json\/wp\/v2\/product_cat?post=43627"},{"taxonomy":"product_tag","embeddable":true,"href":"https:\/\/www.thevandal.be\/fr\/wp-json\/wp\/v2\/product_tag?post=43627"}],"curies":[{"name":"wp","href":"https:\/\/api.w.org\/{rel}","templated":true}]}}