{"id":43611,"date":"2024-04-04T13:07:27","date_gmt":"2024-04-04T11:07:27","guid":{"rendered":"https:\/\/www.thevandal.be\/?post_type=product&#038;p=43611"},"modified":"2026-04-30T20:42:01","modified_gmt":"2026-04-30T18:42:01","slug":"the-classics-2-0-t-shirt","status":"publish","type":"product","link":"https:\/\/www.thevandal.be\/fr\/shop\/spring-summer-2024\/the-classics-2-0-t-shirt\/","title":{"rendered":"T-shirt \"The Classics 2.0\" (Les classiques 2.0)"},"content":{"rendered":"","protected":false},"excerpt":{"rendered":"<p>T-shirt \"The Classics 2.0\". Les classiques ou monuments sont un nom collectif pour les 5 plus belles courses d'un jour de la saison. Milan San Remo, avec ses 298 km, la course la plus longue de l'ann\u00e9e, De Ronde ou la plus belle des Flandres (pas besoin de pr\u00e9sentation), Paris-Roubaix, la classique de l'enfer avec ses plus de 55 km de pav\u00e9s, Li\u00e8ge-Bastogne-Li\u00e8ge ou La Doyenne, la course la plus ancienne de toutes et, en tant que derni\u00e8re course de la saison, la ronde des feuilles mortes qui, traditionnellement, annonce la fin de la saison. Les 5 vignettes r\u00e9sument bien chaque course et son surnom.<\/p>\n<ul class=\"\">\n<li class=\"\">Coton 100% organique et biologique<\/li>\n<li class=\"\">180 gr\/m\u00b2 ce qui permet d'\u00eatre de bonne qualit\u00e9 mais sans \u00eatre trop lourd<\/li>\n<li class=\"\">Ce shirt est un medium fit.<\/li>\n<li class=\"\">Con\u00e7u en Belgique.<\/li>\n<li class=\"\">Fabriqu\u00e9 au Portugal<\/li>\n<\/ul>\n<p><img loading=\"lazy\" decoding=\"async\" class=\"alignnone size-full wp-image-7591\" src=\"https:\/\/dealer.thevandal.be\/wp-content\/uploads\/2023\/10\/Maattabel-Unisex-t-shirtCorrect.jpg\" alt=\"\" width=\"1000\" height=\"800\" \/><\/p>","protected":false},"featured_media":56932,"template":"","meta":{"_acf_changed":false},"product_brand":[],"product_cat":[435,196,16,18],"product_tag":[],"class_list":{"0":"post-43611","1":"product","2":"type-product","3":"status-publish","4":"has-post-thumbnail","6":"product_cat-spring-summer-2024","7":"product_cat-outlet","8":"product_cat-heren","9":"product_cat-t-shirts","11":"first","12":"outofstock","13":"sale","14":"taxable","15":"shipping-taxable","16":"purchasable","17":"product-type-variable"},"acf":[],"_links":{"self":[{"href":"https:\/\/www.thevandal.be\/fr\/wp-json\/wp\/v2\/product\/43611","targetHints":{"allow":["GET"]}}],"collection":[{"href":"https:\/\/www.thevandal.be\/fr\/wp-json\/wp\/v2\/product"}],"about":[{"href":"https:\/\/www.thevandal.be\/fr\/wp-json\/wp\/v2\/types\/product"}],"wp:featuredmedia":[{"embeddable":true,"href":"https:\/\/www.thevandal.be\/fr\/wp-json\/wp\/v2\/media\/56932"}],"wp:attachment":[{"href":"https:\/\/www.thevandal.be\/fr\/wp-json\/wp\/v2\/media?parent=43611"}],"wp:term":[{"taxonomy":"product_brand","embeddable":true,"href":"https:\/\/www.thevandal.be\/fr\/wp-json\/wp\/v2\/product_brand?post=43611"},{"taxonomy":"product_cat","embeddable":true,"href":"https:\/\/www.thevandal.be\/fr\/wp-json\/wp\/v2\/product_cat?post=43611"},{"taxonomy":"product_tag","embeddable":true,"href":"https:\/\/www.thevandal.be\/fr\/wp-json\/wp\/v2\/product_tag?post=43611"}],"curies":[{"name":"wp","href":"https:\/\/api.w.org\/{rel}","templated":true}]}}