{"id":36464,"date":"2023-03-24T09:09:03","date_gmt":"2023-03-24T08:09:03","guid":{"rendered":"https:\/\/www.thevandal.be\/?post_type=product&#038;p=36464"},"modified":"2026-03-10T10:47:38","modified_gmt":"2026-03-10T09:47:38","slug":"lumberjack-jersey-brown","status":"publish","type":"product","link":"https:\/\/www.thevandal.be\/fr\/shop\/extras\/outlet\/lumberjack-jersey-brown\/","title":{"rendered":"Maillot de b\u00fbcheron marron"},"content":{"rendered":"","protected":false},"excerpt":{"rendered":"<p>Tout nouveau dans notre gamme, ce maillot Lumberjack en marron \u00e0 carreaux. Id\u00e9al pour se r\u00e9chauffer apr\u00e8s un long trajet en gravier pr\u00e8s du feu de camp. Ce maillot est doubl\u00e9 \u00e0 l'int\u00e9rieur d'une doublure sherpa, ce qui le rend chaud, doux et confortable \u00e0 porter. Compl\u00e9tez votre tenue Vandal avec ce maillot.<\/p>\n<p>&nbsp;<\/p>","protected":false},"featured_media":56334,"template":"","meta":{"_acf_changed":false},"product_brand":[],"product_cat":[196],"product_tag":[226,225,227,223,224],"class_list":{"0":"post-36464","1":"product","2":"type-product","3":"status-publish","4":"has-post-thumbnail","6":"product_cat-outlet","7":"product_tag-bikepacker","8":"product_tag-cycling-jersey","9":"product_tag-gravel","10":"product_tag-lumberjack","11":"product_tag-lumberjack-jersey","13":"first","14":"outofstock","15":"sale","16":"featured","17":"taxable","18":"shipping-taxable","19":"purchasable","20":"product-type-variable","21":"has-default-attributes"},"acf":[],"_links":{"self":[{"href":"https:\/\/www.thevandal.be\/fr\/wp-json\/wp\/v2\/product\/36464","targetHints":{"allow":["GET"]}}],"collection":[{"href":"https:\/\/www.thevandal.be\/fr\/wp-json\/wp\/v2\/product"}],"about":[{"href":"https:\/\/www.thevandal.be\/fr\/wp-json\/wp\/v2\/types\/product"}],"wp:featuredmedia":[{"embeddable":true,"href":"https:\/\/www.thevandal.be\/fr\/wp-json\/wp\/v2\/media\/56334"}],"wp:attachment":[{"href":"https:\/\/www.thevandal.be\/fr\/wp-json\/wp\/v2\/media?parent=36464"}],"wp:term":[{"taxonomy":"product_brand","embeddable":true,"href":"https:\/\/www.thevandal.be\/fr\/wp-json\/wp\/v2\/product_brand?post=36464"},{"taxonomy":"product_cat","embeddable":true,"href":"https:\/\/www.thevandal.be\/fr\/wp-json\/wp\/v2\/product_cat?post=36464"},{"taxonomy":"product_tag","embeddable":true,"href":"https:\/\/www.thevandal.be\/fr\/wp-json\/wp\/v2\/product_tag?post=36464"}],"curies":[{"name":"wp","href":"https:\/\/api.w.org\/{rel}","templated":true}]}}