{"id":35987,"date":"2025-02-08T15:32:46","date_gmt":"2025-02-08T14:32:46","guid":{"rendered":"https:\/\/www.thevandal.be\/?post_type=product&#038;p=35987"},"modified":"2026-02-09T10:39:32","modified_gmt":"2026-02-09T09:39:32","slug":"balen-bc-winter-jacket","status":"publish","type":"product","link":"https:\/\/www.thevandal.be\/fr\/shop\/balen-bc\/balen-bc-winter-jacket\/","title":{"rendered":"Veste d'hiver Bales BC"},"content":{"rendered":"","protected":false},"excerpt":{"rendered":"<div>Cet article sera brod\u00e9. Par cons\u00e9quent, le d\u00e9lai de livraison de cet article peut prendre jusqu'\u00e0 10 jours ouvrables.<\/div>\n<div>Nous vous tiendrons inform\u00e9 par e-mail si le d\u00e9lai de livraison est plus long en raison de la production.<\/div>","protected":false},"featured_media":58120,"template":"","meta":{"_acf_changed":false},"product_brand":[],"product_cat":[219],"product_tag":[],"class_list":{"0":"post-35987","1":"product","2":"type-product","3":"status-publish","4":"has-post-thumbnail","6":"product_cat-balen-bc","7":"product_shipping_class-balenbc","9":"first","10":"instock","11":"taxable","12":"shipping-taxable","13":"purchasable","14":"product-type-variable"},"acf":[],"_links":{"self":[{"href":"https:\/\/www.thevandal.be\/fr\/wp-json\/wp\/v2\/product\/35987","targetHints":{"allow":["GET"]}}],"collection":[{"href":"https:\/\/www.thevandal.be\/fr\/wp-json\/wp\/v2\/product"}],"about":[{"href":"https:\/\/www.thevandal.be\/fr\/wp-json\/wp\/v2\/types\/product"}],"wp:featuredmedia":[{"embeddable":true,"href":"https:\/\/www.thevandal.be\/fr\/wp-json\/wp\/v2\/media\/58120"}],"wp:attachment":[{"href":"https:\/\/www.thevandal.be\/fr\/wp-json\/wp\/v2\/media?parent=35987"}],"wp:term":[{"taxonomy":"product_brand","embeddable":true,"href":"https:\/\/www.thevandal.be\/fr\/wp-json\/wp\/v2\/product_brand?post=35987"},{"taxonomy":"product_cat","embeddable":true,"href":"https:\/\/www.thevandal.be\/fr\/wp-json\/wp\/v2\/product_cat?post=35987"},{"taxonomy":"product_tag","embeddable":true,"href":"https:\/\/www.thevandal.be\/fr\/wp-json\/wp\/v2\/product_tag?post=35987"}],"curies":[{"name":"wp","href":"https:\/\/api.w.org\/{rel}","templated":true}]}}