{"id":35853,"date":"2023-02-06T14:41:10","date_gmt":"2023-02-06T13:41:10","guid":{"rendered":"https:\/\/www.thevandal.be\/?post_type=product&#038;p=35853"},"modified":"2026-02-12T09:04:38","modified_gmt":"2026-02-12T08:04:38","slug":"vi-tes-trucker-cap-presale","status":"publish","type":"product","link":"https:\/\/www.thevandal.be\/fr\/shop\/vi-tes\/vi-tes-trucker-cap-presale\/","title":{"rendered":"Vi-Tes Bullit capuchon"},"content":{"rendered":"","protected":false},"excerpt":{"rendered":"<div class=\"gmail_default\">\n<div class=\"gmail_default\">\n<div class=\"gmail_default\">Notre acad\u00e9mie offre des possibilit\u00e9s d'emploi.<\/div>\n<div class=\"gmail_default\">Cela m\u00e9rite votre soutien !<\/div>\n<\/div>\n<\/div>\n<div><\/div>\n<div>Tous les b\u00e9n\u00e9fices sont int\u00e9gralement revers\u00e9s \u00e0 dimbali.be<\/div>\n<div>Les articles de la collection Vi-tes peuvent d\u00e9sormais \u00eatre command\u00e9s directement. Les bakfiets seront toutefois imprim\u00e9s au lieu d'\u00eatre brod\u00e9s.<\/div>","protected":false},"featured_media":35851,"template":"","meta":{"_acf_changed":false},"product_brand":[],"product_cat":[218],"product_tag":[],"class_list":{"0":"post-35853","1":"product","2":"type-product","3":"status-publish","4":"has-post-thumbnail","6":"product_cat-vi-tes","8":"first","9":"instock","10":"taxable","11":"shipping-taxable","12":"purchasable","13":"product-type-simple"},"acf":[],"_links":{"self":[{"href":"https:\/\/www.thevandal.be\/fr\/wp-json\/wp\/v2\/product\/35853","targetHints":{"allow":["GET"]}}],"collection":[{"href":"https:\/\/www.thevandal.be\/fr\/wp-json\/wp\/v2\/product"}],"about":[{"href":"https:\/\/www.thevandal.be\/fr\/wp-json\/wp\/v2\/types\/product"}],"wp:featuredmedia":[{"embeddable":true,"href":"https:\/\/www.thevandal.be\/fr\/wp-json\/wp\/v2\/media\/35851"}],"wp:attachment":[{"href":"https:\/\/www.thevandal.be\/fr\/wp-json\/wp\/v2\/media?parent=35853"}],"wp:term":[{"taxonomy":"product_brand","embeddable":true,"href":"https:\/\/www.thevandal.be\/fr\/wp-json\/wp\/v2\/product_brand?post=35853"},{"taxonomy":"product_cat","embeddable":true,"href":"https:\/\/www.thevandal.be\/fr\/wp-json\/wp\/v2\/product_cat?post=35853"},{"taxonomy":"product_tag","embeddable":true,"href":"https:\/\/www.thevandal.be\/fr\/wp-json\/wp\/v2\/product_tag?post=35853"}],"curies":[{"name":"wp","href":"https:\/\/api.w.org\/{rel}","templated":true}]}}