{"id":32949,"date":"2022-08-11T16:46:35","date_gmt":"2022-08-11T14:46:35","guid":{"rendered":"https:\/\/www.thevandal.be\/?post_type=product&#038;p=32949"},"modified":"2026-04-13T14:02:18","modified_gmt":"2026-04-13T12:02:18","slug":"vintage-crew-sokken","status":"publish","type":"product","link":"https:\/\/www.thevandal.be\/fr\/shop\/accessoires\/sokken-gadgets-accessoires\/vintage-crew-sokken\/","title":{"rendered":"Chausettes de sport vintage"},"content":{"rendered":"","protected":false},"excerpt":{"rendered":"<p>Les chaussettes de sport vintage sont de retour et nous ne pouvons que nous r\u00e9jouir de cette tendance. Le look vintage avec un clin d'\u0153il au cyclisme sur piste est 100% notre style ! Finition soign\u00e9e.<\/p>","protected":false},"featured_media":56961,"template":"","meta":{"_acf_changed":false},"product_brand":[],"product_cat":[154,22,210,599,155,178],"product_tag":[418,395,399,394,396,417,360,416],"class_list":{"0":"post-32949","1":"product","2":"type-product","3":"status-publish","4":"has-post-thumbnail","6":"product_cat-sokken-gadgets-accessoires","7":"product_cat-accessoires","8":"product_cat-black-friday","9":"product_cat-casual-sokken","10":"product_cat-sokken","11":"product_cat-sokken-dames","12":"product_tag-piste","13":"product_tag-sock","14":"product_tag-socks","15":"product_tag-sok","16":"product_tag-sokken","17":"product_tag-sport","18":"product_tag-track","19":"product_tag-vintage","21":"first","22":"instock","23":"featured","24":"taxable","25":"shipping-taxable","26":"purchasable","27":"product-type-variable","28":"has-default-attributes"},"acf":[],"_links":{"self":[{"href":"https:\/\/www.thevandal.be\/fr\/wp-json\/wp\/v2\/product\/32949","targetHints":{"allow":["GET"]}}],"collection":[{"href":"https:\/\/www.thevandal.be\/fr\/wp-json\/wp\/v2\/product"}],"about":[{"href":"https:\/\/www.thevandal.be\/fr\/wp-json\/wp\/v2\/types\/product"}],"wp:featuredmedia":[{"embeddable":true,"href":"https:\/\/www.thevandal.be\/fr\/wp-json\/wp\/v2\/media\/56961"}],"wp:attachment":[{"href":"https:\/\/www.thevandal.be\/fr\/wp-json\/wp\/v2\/media?parent=32949"}],"wp:term":[{"taxonomy":"product_brand","embeddable":true,"href":"https:\/\/www.thevandal.be\/fr\/wp-json\/wp\/v2\/product_brand?post=32949"},{"taxonomy":"product_cat","embeddable":true,"href":"https:\/\/www.thevandal.be\/fr\/wp-json\/wp\/v2\/product_cat?post=32949"},{"taxonomy":"product_tag","embeddable":true,"href":"https:\/\/www.thevandal.be\/fr\/wp-json\/wp\/v2\/product_tag?post=32949"}],"curies":[{"name":"wp","href":"https:\/\/api.w.org\/{rel}","templated":true}]}}