{"id":19080,"date":"2020-12-13T11:16:56","date_gmt":"2020-12-13T10:16:56","guid":{"rendered":"https:\/\/thevandal.webmatic.be\/?post_type=product&#038;p=19080"},"modified":"2026-04-30T18:04:01","modified_gmt":"2026-04-30T16:04:01","slug":"the-dance-to-victory-sweater","status":"publish","type":"product","link":"https:\/\/www.thevandal.be\/fr\/shop\/collabs\/artnouvelo\/the-dance-to-victory-sweater\/","title":{"rendered":"Le pull Dance to Victory"},"content":{"rendered":"","protected":false},"excerpt":{"rendered":"<p>Ode au minimalisme illustratif et \u00e0 une image qui illustre parfaitement comment une longue et difficile course d'\u00e9limination peut encore se d\u00e9cider en une fraction de seconde lors du sprint. L'\u00e9paisseur d'un trait ou d'un pinceau suffit parfois \u00e0 juger de la victoire ou de la d\u00e9faite. C'est aussi la raison pour laquelle nous avons d\u00e9cid\u00e9 de rester simples.<\/p>\n<p>Cette chemise est produite uniquement sur commande. <span class=\"NormalTextRun BCX0 SCXW280692\">Pendant la p\u00e9riode des vacances <\/span><span class=\"NormalTextRun BCX0 SCXW280692\">le temps d'attente peut \u00eatre encore plus long. <\/span>La livraison de votre commande peut donc prendre plus de temps. Nous n'exp\u00e9dions pas de commandes partielles.<\/p>\n<ul>\n<li>Coton 100% organique et biologique<\/li>\n<li>320 gr\/m\u00b2 qui permet d'avoir un tissu l\u00e9ger mais de qualit\u00e9.<\/li>\n<li>Medium fit<\/li>\n<li>Certifi\u00e9 Fair Wear et GOTS<\/li>\n<\/ul>\n<p><img loading=\"lazy\" decoding=\"async\" class=\"alignnone size-full wp-image-2409\" src=\"https:\/\/www.thevandal.be\/wp-content\/uploads\/2020\/08\/the-vandal-maattabel-heren-sweaters.jpg\" alt=\"\" width=\"1000\" height=\"800\" srcset=\"https:\/\/www.thevandal.be\/wp-content\/uploads\/2020\/08\/the-vandal-maattabel-heren-sweaters.jpg 1000w, https:\/\/www.thevandal.be\/wp-content\/uploads\/2020\/08\/the-vandal-maattabel-heren-sweaters-64x51.jpg 64w, https:\/\/www.thevandal.be\/wp-content\/uploads\/2020\/08\/the-vandal-maattabel-heren-sweaters-300x240.jpg 300w, https:\/\/www.thevandal.be\/wp-content\/uploads\/2020\/08\/the-vandal-maattabel-heren-sweaters-768x614.jpg 768w, https:\/\/www.thevandal.be\/wp-content\/uploads\/2020\/08\/the-vandal-maattabel-heren-sweaters-600x480.jpg 600w\" sizes=\"auto, (max-width: 1000px) 100vw, 1000px\" \/><\/p>","protected":false},"featured_media":19063,"template":"","meta":{"_acf_changed":false},"product_brand":[],"product_cat":[149,16],"product_tag":[],"class_list":{"0":"post-19080","1":"product","2":"type-product","3":"status-publish","4":"has-post-thumbnail","6":"product_cat-artnouvelo","7":"product_cat-heren","9":"first","10":"instock","11":"taxable","12":"shipping-taxable","13":"purchasable","14":"product-type-variable","15":"has-default-attributes"},"acf":[],"_links":{"self":[{"href":"https:\/\/www.thevandal.be\/fr\/wp-json\/wp\/v2\/product\/19080","targetHints":{"allow":["GET"]}}],"collection":[{"href":"https:\/\/www.thevandal.be\/fr\/wp-json\/wp\/v2\/product"}],"about":[{"href":"https:\/\/www.thevandal.be\/fr\/wp-json\/wp\/v2\/types\/product"}],"wp:featuredmedia":[{"embeddable":true,"href":"https:\/\/www.thevandal.be\/fr\/wp-json\/wp\/v2\/media\/19063"}],"wp:attachment":[{"href":"https:\/\/www.thevandal.be\/fr\/wp-json\/wp\/v2\/media?parent=19080"}],"wp:term":[{"taxonomy":"product_brand","embeddable":true,"href":"https:\/\/www.thevandal.be\/fr\/wp-json\/wp\/v2\/product_brand?post=19080"},{"taxonomy":"product_cat","embeddable":true,"href":"https:\/\/www.thevandal.be\/fr\/wp-json\/wp\/v2\/product_cat?post=19080"},{"taxonomy":"product_tag","embeddable":true,"href":"https:\/\/www.thevandal.be\/fr\/wp-json\/wp\/v2\/product_tag?post=19080"}],"curies":[{"name":"wp","href":"https:\/\/api.w.org\/{rel}","templated":true}]}}