{"id":1668,"date":"2020-06-30T12:21:29","date_gmt":"2020-06-30T10:21:29","guid":{"rendered":"https:\/\/copyvandal3.kennethjonckers.be\/?product=import-placeholder-for-21757"},"modified":"2025-02-04T15:23:58","modified_gmt":"2025-02-04T14:23:58","slug":"de-jogclub-podcast-heren-t-shirt-wit","status":"publish","type":"product","link":"https:\/\/www.thevandal.be\/fr\/shop\/collabs\/de-jogclub-podcast\/de-jogclub-podcast-heren-t-shirt-wit\/","title":{"rendered":"T-shirt Hommes Blanc"},"content":{"rendered":"","protected":false},"excerpt":{"rendered":"<p>De JogClub podcast est le podcast sportif de Flandres dans lequel Seppe et Bobby recoivent chaque semaine des nouveaux invit\u00e9s. En collaboration avec The Vandal, ils ont cr\u00e9\u00e9 cette collection pour les auditeurs fid\u00e8les<\/p>\n<ul>\n<li class=\"Hoofdtekst\"><span lang=\"NL\">100% coton organique et \u00e9cologique<\/span><\/li>\n<li class=\"Hoofdtekst\">Textile Fair Wear<\/li>\n<li class=\"Hoofdtekst\">180 gr\/m\u00b2<\/li>\n<li class=\"Hoofdtekst\">Medium fit<\/li>\n<li class=\"Hoofdtekst\">Imprim\u00e9 et con\u00e7u en Belgique<\/li>\n<\/ul>","protected":false},"featured_media":1678,"template":"","meta":{"_acf_changed":false},"product_brand":[],"product_cat":[73,119],"product_tag":[],"class_list":{"0":"post-1668","1":"product","2":"type-product","3":"status-publish","4":"has-post-thumbnail","6":"product_cat-collabs","7":"product_cat-de-jogclub-podcast","9":"first","10":"instock","11":"taxable","12":"shipping-taxable","13":"purchasable","14":"product-type-variable"},"acf":[],"_links":{"self":[{"href":"https:\/\/www.thevandal.be\/fr\/wp-json\/wp\/v2\/product\/1668","targetHints":{"allow":["GET"]}}],"collection":[{"href":"https:\/\/www.thevandal.be\/fr\/wp-json\/wp\/v2\/product"}],"about":[{"href":"https:\/\/www.thevandal.be\/fr\/wp-json\/wp\/v2\/types\/product"}],"wp:featuredmedia":[{"embeddable":true,"href":"https:\/\/www.thevandal.be\/fr\/wp-json\/wp\/v2\/media\/1678"}],"wp:attachment":[{"href":"https:\/\/www.thevandal.be\/fr\/wp-json\/wp\/v2\/media?parent=1668"}],"wp:term":[{"taxonomy":"product_brand","embeddable":true,"href":"https:\/\/www.thevandal.be\/fr\/wp-json\/wp\/v2\/product_brand?post=1668"},{"taxonomy":"product_cat","embeddable":true,"href":"https:\/\/www.thevandal.be\/fr\/wp-json\/wp\/v2\/product_cat?post=1668"},{"taxonomy":"product_tag","embeddable":true,"href":"https:\/\/www.thevandal.be\/fr\/wp-json\/wp\/v2\/product_tag?post=1668"}],"curies":[{"name":"wp","href":"https:\/\/api.w.org\/{rel}","templated":true}]}}