{"id":1172,"date":"2020-06-30T12:19:38","date_gmt":"2020-06-30T10:19:38","guid":{"rendered":"https:\/\/copyvandal3.kennethjonckers.be\/?product=import-placeholder-for-17369"},"modified":"2026-04-15T10:04:33","modified_gmt":"2026-04-15T08:04:33","slug":"kids-t-shirt-cool-kid","status":"publish","type":"product","link":"https:\/\/www.thevandal.be\/fr\/shop\/kids-babys\/kids-t-shirts\/kids-t-shirt-cool-kid\/","title":{"rendered":"L'enfant cool"},"content":{"rendered":"","protected":false},"excerpt":{"rendered":"<p>Votre petit champion va devenir un Cool Kid sur son v\u00e9lo ? Avec ce t-shirt couleur navy, vous le mettez d\u00e9j\u00e0 sur la bonne voie<\/p>\n<p>&nbsp;<\/p>","protected":false},"featured_media":56362,"template":"","meta":{"_acf_changed":false},"product_brand":[],"product_cat":[25,46],"product_tag":[],"class_list":{"0":"post-1172","1":"product","2":"type-product","3":"status-publish","4":"has-post-thumbnail","6":"product_cat-kids-babys","7":"product_cat-kids-t-shirts","9":"first","10":"instock","11":"taxable","12":"shipping-taxable","13":"purchasable","14":"product-type-variable","15":"has-default-attributes"},"acf":[],"_links":{"self":[{"href":"https:\/\/www.thevandal.be\/fr\/wp-json\/wp\/v2\/product\/1172","targetHints":{"allow":["GET"]}}],"collection":[{"href":"https:\/\/www.thevandal.be\/fr\/wp-json\/wp\/v2\/product"}],"about":[{"href":"https:\/\/www.thevandal.be\/fr\/wp-json\/wp\/v2\/types\/product"}],"wp:featuredmedia":[{"embeddable":true,"href":"https:\/\/www.thevandal.be\/fr\/wp-json\/wp\/v2\/media\/56362"}],"wp:attachment":[{"href":"https:\/\/www.thevandal.be\/fr\/wp-json\/wp\/v2\/media?parent=1172"}],"wp:term":[{"taxonomy":"product_brand","embeddable":true,"href":"https:\/\/www.thevandal.be\/fr\/wp-json\/wp\/v2\/product_brand?post=1172"},{"taxonomy":"product_cat","embeddable":true,"href":"https:\/\/www.thevandal.be\/fr\/wp-json\/wp\/v2\/product_cat?post=1172"},{"taxonomy":"product_tag","embeddable":true,"href":"https:\/\/www.thevandal.be\/fr\/wp-json\/wp\/v2\/product_tag?post=1172"}],"curies":[{"name":"wp","href":"https:\/\/api.w.org\/{rel}","templated":true}]}}