{"id":57072,"date":"2025-09-30T14:09:20","date_gmt":"2025-09-30T12:09:20","guid":{"rendered":"https:\/\/www.thevandal.be\/?page_id=57072"},"modified":"2025-10-18T15:01:59","modified_gmt":"2025-10-18T13:01:59","slug":"mijn-account","status":"publish","type":"page","link":"https:\/\/www.thevandal.be\/fr\/mijn-account\/","title":{"rendered":"Mon compte"},"content":{"rendered":"<section class=\"bde-section-57072-100 bde-section\">\n  \n  \n\t\n\n\n\n<div class=\"section-container\"><div class=\"bde-woopageaccount-57072-101 bde-woopageaccount breakdance-woocommerce\">    <div class=\"breakdance-empty-ssr-message breakdance-empty-ssr-message-error\">\n        <div>\n            Le <b>\"Page du compte\"<\/b> ne peut \u00eatre ajout\u00e9 qu'\u00e0 l'\u00e9l\u00e9ment <b>Page de compte WooCommerce<\/b>.<br \/><br \/>\n            Le <b>Page de compte WooCommerce<\/b> est actuellement fix\u00e9 \u00e0 <b>\"Mon compte\" (ID : 57072)<\/b>.<br \/><br \/>\n            R\u00e9gler le <b>Page de compte WooCommerce<\/b> dans l'administration de WP \u00e0 l'adresse <b>WooCommerce &gt; Param\u00e8tres &gt; Avanc\u00e9s &gt; Configuration de la page<\/b>.\n    <\/div><\/div><\/div>\n<\/section>","protected":false},"excerpt":{"rendered":"<p>L'\u00e9l\u00e9ment \u201cPage de compte\u201d ne peut \u00eatre ajout\u00e9 qu'\u00e0 la page de compte de WooCommerce. La page de compte WooCommerce est actuellement d\u00e9finie sur \u201cMon compte\u201d (ID : 57072). D\u00e9finissez la page de compte WooCommerce dans l'administration WP \u00e0 WooCommerce &gt; Param\u00e8tres &gt; Avanc\u00e9s &gt; Configuration de la page.<\/p>","protected":false},"author":407,"featured_media":0,"parent":0,"menu_order":0,"comment_status":"closed","ping_status":"closed","template":"","meta":{"_acf_changed":false,"_breakdance_hide_in_design_set":false,"_breakdance_tags":"","footnotes":""},"class_list":["post-57072","page","type-page","status-publish","hentry"],"acf":[],"_links":{"self":[{"href":"https:\/\/www.thevandal.be\/fr\/wp-json\/wp\/v2\/pages\/57072","targetHints":{"allow":["GET"]}}],"collection":[{"href":"https:\/\/www.thevandal.be\/fr\/wp-json\/wp\/v2\/pages"}],"about":[{"href":"https:\/\/www.thevandal.be\/fr\/wp-json\/wp\/v2\/types\/page"}],"author":[{"embeddable":true,"href":"https:\/\/www.thevandal.be\/fr\/wp-json\/wp\/v2\/users\/407"}],"replies":[{"embeddable":true,"href":"https:\/\/www.thevandal.be\/fr\/wp-json\/wp\/v2\/comments?post=57072"}],"version-history":[{"count":1,"href":"https:\/\/www.thevandal.be\/fr\/wp-json\/wp\/v2\/pages\/57072\/revisions"}],"predecessor-version":[{"id":58243,"href":"https:\/\/www.thevandal.be\/fr\/wp-json\/wp\/v2\/pages\/57072\/revisions\/58243"}],"wp:attachment":[{"href":"https:\/\/www.thevandal.be\/fr\/wp-json\/wp\/v2\/media?parent=57072"}],"curies":[{"name":"wp","href":"https:\/\/api.w.org\/{rel}","templated":true}]}}