{"id":2041,"date":"2020-07-29T10:34:54","date_gmt":"2020-07-29T08:34:54","guid":{"rendered":"https:\/\/copyvandal3.kennethjonckers.be\/?page_id=2041"},"modified":"2026-01-12T09:12:51","modified_gmt":"2026-01-12T08:12:51","slug":"betaalmethoden","status":"publish","type":"page","link":"https:\/\/www.thevandal.be\/fr\/betaalmethoden\/","title":{"rendered":"Moyens de payement"},"content":{"rendered":"<section class=\"bde-section-2041-100 bde-section\">\n  \n  \n\t\n\n\n\n<div class=\"section-container\"><div class=\"bde-div-2041-101 bde-div width-normal\">\n  \n  \n\t\n\n\n\n<div class=\"bde-rich-text-2041-102 bde-rich-text breakdance-rich-text-styles\">\n<p>Chez The Vandal, la s\u00e9curit\u00e9 et l\u2019efficacit\u00e9 sont d\u2019une importance primordiale. Pour se faire, nous collaborons avec le fournisseur de ce paiement MultiSafepay. Une fois que vous avez cliqu\u00e9 sur payer, vous serez redirig\u00e9 vers leur portail de paiement s\u00e9curis\u00e9. Ils garantissent la s\u00e9curit\u00e9 et l\u2019efficacit\u00e9 \u00e0 100% \u00e0 la fois pour vous et pour nous. Une situation gagnant-gagnant !<\/p>\n<p>Le paiement rapide est possible de ces mani\u00e8res :<\/p>\n<ul>\n<li>Maestro<\/li>\n<li>Bancontact<\/li>\n<li>iDEAL<\/li>\n<li>Giropay<\/li>\n<li>Mastercard<\/li>\n<li>Visa<\/li>\n<li>Paypal<\/li>\n<\/ul>\n<p>Vous pouvez aussi \u00e9galement payer par virement bancaire. Vous recevrez un email de notre part avec les informations n\u00e9cessaires pour effectuer le paiement. Le d\u00e9lai de livraison d\u00e9pend alors de la rapidit\u00e9 avec laquelle le paiement est effectu\u00e9. Voulez-vous recevoir vos produits d\u00e8s que possible ? Il est alors recommand\u00e9 de payer avec l\u2019une des autres m\u00e9thodes !<\/p>\n<p>Si vous avez des questions, veuillez nous contacter \u00e0 <a href=\"mailto:sales@thevandal.be\">sales@thevandal.be<\/a><\/p>\n<\/div>\n<\/div><\/div>\n<\/section>","protected":false},"excerpt":{"rendered":"<p>Bij The Vandal voeren we veiligheid en effici\u00ebntie hoog in het vaandel. Om dit te garanderen werken we samen met betalingsprovider MultiSafepay. Eens u op betalen klikt, wordt u doorgestuurd naar hun beveiligde betalingsportaal. Zij garanderen 100% veiligheid en effici\u00ebntie zowel voor u als voor ons. Een win-win situatie dus! Snel betalen kan op deze [&hellip;]<\/p>\n","protected":false},"author":407,"featured_media":0,"parent":0,"menu_order":0,"comment_status":"closed","ping_status":"closed","template":"","meta":{"_acf_changed":false,"_breakdance_hide_in_design_set":false,"_breakdance_tags":"","footnotes":""},"class_list":["post-2041","page","type-page","status-publish","hentry"],"acf":[],"_links":{"self":[{"href":"https:\/\/www.thevandal.be\/fr\/wp-json\/wp\/v2\/pages\/2041","targetHints":{"allow":["GET"]}}],"collection":[{"href":"https:\/\/www.thevandal.be\/fr\/wp-json\/wp\/v2\/pages"}],"about":[{"href":"https:\/\/www.thevandal.be\/fr\/wp-json\/wp\/v2\/types\/page"}],"author":[{"embeddable":true,"href":"https:\/\/www.thevandal.be\/fr\/wp-json\/wp\/v2\/users\/407"}],"replies":[{"embeddable":true,"href":"https:\/\/www.thevandal.be\/fr\/wp-json\/wp\/v2\/comments?post=2041"}],"version-history":[{"count":2,"href":"https:\/\/www.thevandal.be\/fr\/wp-json\/wp\/v2\/pages\/2041\/revisions"}],"predecessor-version":[{"id":60800,"href":"https:\/\/www.thevandal.be\/fr\/wp-json\/wp\/v2\/pages\/2041\/revisions\/60800"}],"wp:attachment":[{"href":"https:\/\/www.thevandal.be\/fr\/wp-json\/wp\/v2\/media?parent=2041"}],"curies":[{"name":"wp","href":"https:\/\/api.w.org\/{rel}","templated":true}]}}